{"id":584,"date":"2023-04-04T13:31:56","date_gmt":"2023-04-04T11:31:56","guid":{"rendered":"https:\/\/padsou.com\/personalizar-cookies\/"},"modified":"2023-04-04T13:31:56","modified_gmt":"2023-04-04T11:31:56","slug":"personalizar-cookies","status":"publish","type":"page","link":"https:\/\/padsou.com\/es\/personalizar-cookies\/","title":{"rendered":"Personalizar Cookies"},"content":{"rendered":"<div>\n      <div id=\"custom-cookies-eu-label\">\n\n        Esta web utiliza cookies propias para su correcto funcionamiento. Al hacer clic en el bot\u00f3n Aceptar, aceptas el uso de estas tecnolog\u00edas y el procesamiento de tus datos para estos prop\u00f3sitos.\n          &nbsp;&nbsp;\n          <a target=\"_blank\" id=\"cookies-eu-more\" rel=\"nofollow\" href=\"https:\/\/padsou.com\/es\/politica-de-cookies\/\">M\u00e1s informaci\u00f3n<\/a>\n      <\/div>\n\n      <div id=\"custom-cookies-eu-buttons\" class=\"cookies-eu-buttons\">\n        <button id=\"custom-cookies-eu-reject\" class=\"cookies-eu-reject\">Rechazar<\/button>\n        <button id=\"custom-cookies-eu-accept\" class=\"cookies-eu-accept\">ACEPTAR TODAS LAS COOKIES<\/button><\/div>\n      <\/div>\n\n<br\/>\n<p>\n\tPuedes cambiar tus preferencias de cookies en cualquier momento si vuelves a la p\u00e1gina de Personalizar cookies, a la que puedes acceder a trav\u00e9s del Aviso de cookies. Para obtener m\u00e1s informaci\u00f3n sobre las cookies y c\u00f3mo las usamos, consulta la p\u00e1gina de <a href=\"https:\/\/padsou.com\/es\/politica-de-cookies\/\">Pol\u00edtica de Cookies<\/a>.\n<\/p>\n\n<h3>Cookies t\u00e9cnicas<\/h3>\n<p>\n\tSon aquellas que permiten a los usuarios registrados navegar a trav\u00e9s del sitio Web, del \u00e1rea restringida y a utilizar sus diferentes funciones, como por ejemplo, el sistema de comentarios o el buscador y no pueden ser desactivadas.\n<\/p>","protected":false},"excerpt":{"rendered":"<p>Ce site utilise ses propres cookies pour son bon fonctionnement. En cliquant sur le bouton Accepter, vous acceptez l\u00b4utilisation de ces technologies et le traitement de vos donn\u00e9es \u00e0 ces fins. &nbsp;&nbsp; Plus d\u00b4informations D\u00e9clin ACEPTAR TODAS LAS COOKIES Puedes cambiar tus preferencias de cookies en cualquier momento si vuelves a la p\u00e1gina de Personalizar [&hellip;]<\/p>","protected":false},"author":1,"featured_media":0,"parent":0,"menu_order":0,"comment_status":"closed","ping_status":"closed","template":"","meta":{"footnotes":""},"class_list":["post-584","page","type-page","status-publish","hentry"],"yoast_head":"<!-- This site is optimized with the Yoast SEO plugin v21.5 - https:\/\/yoast.com\/wordpress\/plugins\/seo\/ -->\n<title>Personalizar Cookies - Padsou<\/title>\n<meta name=\"robots\" content=\"index, follow, max-snippet:-1, max-image-preview:large, max-video-preview:-1\" \/>\n<link rel=\"canonical\" href=\"https:\/\/padsou.com\/es\/personalizar-cookies\/\" \/>\n<meta property=\"og:locale\" content=\"es_ES\" \/>\n<meta property=\"og:type\" content=\"article\" \/>\n<meta property=\"og:title\" content=\"Personalizar Cookies - Padsou\" \/>\n<meta property=\"og:description\" content=\"Ce site utilise ses propres cookies pour son bon fonctionnement. En cliquant sur le bouton Accepter, vous acceptez l\u00b4utilisation de ces technologies et le traitement de vos donn\u00e9es \u00e0 ces fins. &nbsp;&nbsp; Plus d\u00b4informations D\u00e9clin ACEPTAR TODAS LAS COOKIES Puedes cambiar tus preferencias de cookies en cualquier momento si vuelves a la p\u00e1gina de Personalizar [&hellip;]\" \/>\n<meta property=\"og:url\" content=\"https:\/\/padsou.com\/es\/personalizar-cookies\/\" \/>\n<meta property=\"og:site_name\" content=\"Padsou\" \/>\n<meta name=\"twitter:card\" content=\"summary_large_image\" \/>\n<script type=\"application\/ld+json\" class=\"yoast-schema-graph\">{\"@context\":\"https:\/\/schema.org\",\"@graph\":[{\"@type\":\"WebPage\",\"@id\":\"http:\/\/padsou.com\/personalizar-cookies\/\",\"url\":\"http:\/\/padsou.com\/personalizar-cookies\/\",\"name\":\"Personalizar Cookies - Padsou\",\"isPartOf\":{\"@id\":\"http:\/\/padsou.com\/#website\"},\"datePublished\":\"2023-04-04T11:31:56+00:00\",\"dateModified\":\"2023-04-04T11:31:56+00:00\",\"breadcrumb\":{\"@id\":\"http:\/\/padsou.com\/personalizar-cookies\/#breadcrumb\"},\"inLanguage\":\"es\",\"potentialAction\":[{\"@type\":\"ReadAction\",\"target\":[\"http:\/\/padsou.com\/personalizar-cookies\/\"]}]},{\"@type\":\"BreadcrumbList\",\"@id\":\"http:\/\/padsou.com\/personalizar-cookies\/#breadcrumb\",\"itemListElement\":[{\"@type\":\"ListItem\",\"position\":1,\"name\":\"Portada\",\"item\":\"http:\/\/padsou.com\/\"},{\"@type\":\"ListItem\",\"position\":2,\"name\":\"Personalizar Cookies\"}]},{\"@type\":\"WebSite\",\"@id\":\"http:\/\/padsou.com\/#website\",\"url\":\"http:\/\/padsou.com\/\",\"name\":\"Padsou.com\",\"description\":\"\",\"publisher\":{\"@id\":\"http:\/\/padsou.com\/#organization\"},\"potentialAction\":[{\"@type\":\"SearchAction\",\"target\":{\"@type\":\"EntryPoint\",\"urlTemplate\":\"http:\/\/padsou.com\/?s={search_term_string}\"},\"query-input\":\"required name=search_term_string\"}],\"inLanguage\":\"es\"},{\"@type\":\"Organization\",\"@id\":\"http:\/\/padsou.com\/#organization\",\"name\":\"Padsou.com\",\"url\":\"http:\/\/padsou.com\/\",\"logo\":{\"@type\":\"ImageObject\",\"inLanguage\":\"es\",\"@id\":\"http:\/\/padsou.com\/#\/schema\/logo\/image\/\",\"url\":\"https:\/\/padsou.com\/wp-content\/uploads\/2023\/03\/cropped-padsou-favicon.png\",\"contentUrl\":\"https:\/\/padsou.com\/wp-content\/uploads\/2023\/03\/cropped-padsou-favicon.png\",\"width\":512,\"height\":512,\"caption\":\"Padsou.com\"},\"image\":{\"@id\":\"http:\/\/padsou.com\/#\/schema\/logo\/image\/\"},\"sameAs\":[\"https:\/\/www.instagram.com\/1padsou\/\"]}]}<\/script>\n<!-- \/ Yoast SEO plugin. -->","yoast_head_json":{"title":"Personalizar Cookies - Padsou","robots":{"index":"index","follow":"follow","max-snippet":"max-snippet:-1","max-image-preview":"max-image-preview:large","max-video-preview":"max-video-preview:-1"},"canonical":"https:\/\/padsou.com\/es\/personalizar-cookies\/","og_locale":"es_ES","og_type":"article","og_title":"Personalizar Cookies - Padsou","og_description":"Ce site utilise ses propres cookies pour son bon fonctionnement. En cliquant sur le bouton Accepter, vous acceptez l\u00b4utilisation de ces technologies et le traitement de vos donn\u00e9es \u00e0 ces fins. &nbsp;&nbsp; Plus d\u00b4informations D\u00e9clin ACEPTAR TODAS LAS COOKIES Puedes cambiar tus preferencias de cookies en cualquier momento si vuelves a la p\u00e1gina de Personalizar [&hellip;]","og_url":"https:\/\/padsou.com\/es\/personalizar-cookies\/","og_site_name":"Padsou","twitter_card":"summary_large_image","schema":{"@context":"https:\/\/schema.org","@graph":[{"@type":"WebPage","@id":"http:\/\/padsou.com\/personalizar-cookies\/","url":"http:\/\/padsou.com\/personalizar-cookies\/","name":"Personalizar Cookies - Padsou","isPartOf":{"@id":"http:\/\/padsou.com\/#website"},"datePublished":"2023-04-04T11:31:56+00:00","dateModified":"2023-04-04T11:31:56+00:00","breadcrumb":{"@id":"http:\/\/padsou.com\/personalizar-cookies\/#breadcrumb"},"inLanguage":"es","potentialAction":[{"@type":"ReadAction","target":["http:\/\/padsou.com\/personalizar-cookies\/"]}]},{"@type":"BreadcrumbList","@id":"http:\/\/padsou.com\/personalizar-cookies\/#breadcrumb","itemListElement":[{"@type":"ListItem","position":1,"name":"Portada","item":"http:\/\/padsou.com\/"},{"@type":"ListItem","position":2,"name":"Personalizar Cookies"}]},{"@type":"WebSite","@id":"http:\/\/padsou.com\/#website","url":"http:\/\/padsou.com\/","name":"Padsou.com","description":"","publisher":{"@id":"http:\/\/padsou.com\/#organization"},"potentialAction":[{"@type":"SearchAction","target":{"@type":"EntryPoint","urlTemplate":"http:\/\/padsou.com\/?s={search_term_string}"},"query-input":"required name=search_term_string"}],"inLanguage":"es"},{"@type":"Organization","@id":"http:\/\/padsou.com\/#organization","name":"Padsou.com","url":"http:\/\/padsou.com\/","logo":{"@type":"ImageObject","inLanguage":"es","@id":"http:\/\/padsou.com\/#\/schema\/logo\/image\/","url":"https:\/\/padsou.com\/wp-content\/uploads\/2023\/03\/cropped-padsou-favicon.png","contentUrl":"https:\/\/padsou.com\/wp-content\/uploads\/2023\/03\/cropped-padsou-favicon.png","width":512,"height":512,"caption":"Padsou.com"},"image":{"@id":"http:\/\/padsou.com\/#\/schema\/logo\/image\/"},"sameAs":["https:\/\/www.instagram.com\/1padsou\/"]}]}},"jetpack_sharing_enabled":true,"_links":{"self":[{"href":"https:\/\/padsou.com\/es\/wp-json\/wp\/v2\/pages\/584","targetHints":{"allow":["GET"]}}],"collection":[{"href":"https:\/\/padsou.com\/es\/wp-json\/wp\/v2\/pages"}],"about":[{"href":"https:\/\/padsou.com\/es\/wp-json\/wp\/v2\/types\/page"}],"author":[{"embeddable":true,"href":"https:\/\/padsou.com\/es\/wp-json\/wp\/v2\/users\/1"}],"replies":[{"embeddable":true,"href":"https:\/\/padsou.com\/es\/wp-json\/wp\/v2\/comments?post=584"}],"version-history":[{"count":0,"href":"https:\/\/padsou.com\/es\/wp-json\/wp\/v2\/pages\/584\/revisions"}],"wp:attachment":[{"href":"https:\/\/padsou.com\/es\/wp-json\/wp\/v2\/media?parent=584"}],"curies":[{"name":"wp","href":"https:\/\/api.w.org\/{rel}","templated":true}]}}